{"id":431,"date":"2024-03-28T04:41:05","date_gmt":"2024-03-28T04:41:05","guid":{"rendered":"https:\/\/domkikamea.pl\/?page_id=431"},"modified":"2024-03-28T11:37:48","modified_gmt":"2024-03-28T11:37:48","slug":"regulamin-i-polityka-prywatnosci","status":"publish","type":"page","link":"https:\/\/domkikamea.pl\/index.php\/regulamin-i-polityka-prywatnosci\/","title":{"rendered":"Regulamin i polityka prywatno\u015bci"},"content":{"rendered":"\t\t<div data-elementor-type=\"wp-page\" data-elementor-id=\"431\" class=\"elementor elementor-431\">\n\t\t\t\t<div class=\"elementor-element elementor-element-1dfbab8 e-flex e-con-boxed e-con e-parent\" data-id=\"1dfbab8\" data-element_type=\"container\" data-settings=\"{&quot;background_background&quot;:&quot;classic&quot;}\">\n\t\t\t\t\t<div class=\"e-con-inner\">\n\t\t\t\t<div class=\"elementor-element elementor-element-419bda56 elementor-widget elementor-widget-heading\" data-id=\"419bda56\" data-element_type=\"widget\" data-widget_type=\"heading.default\">\n\t\t\t\t<div class=\"elementor-widget-container\">\n\t\t\t\t\t<h1 class=\"elementor-heading-title elementor-size-default\">REGULAMIN WYNAJMU DOMKI KAMEA<\/h1>\t\t\t\t<\/div>\n\t\t\t\t<\/div>\n\t\t\t\t\t<\/div>\n\t\t\t\t<\/div>\n\t\t<div class=\"elementor-element elementor-element-153a7dc4 e-flex e-con-boxed e-con e-child\" data-id=\"153a7dc4\" data-element_type=\"container\" data-settings=\"{&quot;background_background&quot;:&quot;classic&quot;}\">\n\t\t\t\t\t<div class=\"e-con-inner\">\n\t\t\t\t<div class=\"elementor-element elementor-element-3633474c elementor-widget elementor-widget-text-editor\" data-id=\"3633474c\" data-element_type=\"widget\" data-widget_type=\"text-editor.default\">\n\t\t\t\t<div class=\"elementor-widget-container\">\n\t\t\t\t\t\t\t\t\t<p><b>Og\u00f3lne zasady:<\/b><\/p><ol><li><p>Domek jest przeznaczony dla maksymalnie 6 os\u00f3b, w przypadku przekroczenia deklarowanej liczby os\u00f3b korzystaj\u0105cych z domku (bez zgody i wiedzy wynajmuj\u0105cego), zastrzega si\u0119 prawo do natychmiastowego zerwania umowy z wszystkimi konsekwencjami bez konieczno\u015bci zwrotu wniesionej wcze\u015bniej op\u0142aty.<\/p><\/li><li><p>Zameldowanie jest mo\u017cliwe od godziny 16:00 w dniu przyjazdu, prosimy o przekazanie telefonicznie informacji o planowanej godzinie przyjazdu.<\/p><\/li><li><p>Wymeldowanie powinno nast\u0105pi\u0107 do godziny 11:00 w dniu wyjazdu.<\/p><\/li><li><p><a name=\"Bookmark\"><\/a>Zakwaterowanie i wykwaterowanie nast\u0119puje w domku w obecno\u015bci w\u0142a\u015bciciela lub osoby przez niego upowa\u017cnionej.<\/p><\/li><li><p>Niedozwolone jest organizowanie imprez.<\/p><\/li><li><p>W przypadku uszkodze\u0144 lub zniszcze\u0144 w domku, zostanie naliczona dodatkowa op\u0142ata za napraw\u0119 lub wymian\u0119.<\/p><\/li><li><p>Najemca po przyje\u017adzie, ale przed wprowadzeniem si\u0119 zobowi\u0105zany jest odebra\u0107 domek, tzn. sprawdzi\u0107 meble, okna, kabin\u0119 prysznicow\u0105 i pozosta\u0142e urz\u0105dzenia znajduj\u0105ce si\u0119 w domku.<\/p><\/li><li><p>Uwagi co do uszkodze\u0144, zniszcze\u0144 nale\u017cy zg\u0142osi\u0107 natychmiast do w\u0142a\u015bciciela. Brak uwag ze strony najemcy, co do takich uszkodze\u0144 w ci\u0105gu 4 godzin po otrzymaniu kluczy oznacza, \u017ce najemca nie ma zastrze\u017ce\u0144 co do ca\u0142ego obiektu, a wszystkie urz\u0105dzenia i meble znajduj\u0105 si\u0119 w ilo\u015bci zgodnej z zestawieniem wyposa\u017cenia i w dobrym stanie.<\/p><\/li><li><p>Najemca ponosi pe\u0142n\u0105 odpowiedzialno\u015b\u0107 materialn\u0105 za wszelkiego rodzaju uszkodzenia, zniszczenia przedmiot\u00f3w wyposa\u017cenia i urz\u0105dze\u0144 technicznych domku zaistnia\u0142ych podczas pobytu, czy to z winy umy\u015blnej lub nieumy\u015blnej.<\/p><\/li><li><p>Ka\u017cdorazowo opuszczaj\u0105c domek, najemca powinien sprawdzi\u0107 zamkniecie drzwi. Za rzeczy pozostawione w domku w\u0142a\u015bciciel nie ponosi odpowiedzialno\u015bci.<\/p><\/li><li><p>Parkowanie samochod\u00f3w jest mo\u017cliwe tylko w wyznaczonym do tego celu miejscu wskazanym przez w\u0142a\u015bciciela. Parking jest parkingiem niestrze\u017conym. W\u0142a\u015bciciel nie ponosi odpowiedzialno\u015bci za kradzie\u017c lub zniszczenie pojazd\u00f3w mechanicznych lub innych nale\u017c\u0105cych do najemcy.<\/p><\/li><\/ol><p><b>Dodatkowe informacje:<\/b><\/p><ol><li><p>W domku obowi\u0105zuje zakaz palenia.<\/p><\/li><li><p>Go\u015bcie proszeni s\u0105 o przestrzeganie ciszy nocnej od godziny 22:00 do godziny 6:00.<\/p><\/li><li><p>Korzystanie z piekarnika tylko z u\u017cyciem papieru do pieczenia udost\u0119pnionego go\u015bciom w celu zabezpieczenia wyposa\u017cenia.<\/p><\/li><\/ol><p>W przypadku dodatkowych pyta\u0144 prosimy o kontakt telefoniczny: 00 48\u00a0571\u00a0393\u00a0483<\/p><p align=\"RIGHT\"><span style=\"font-size: medium;\"><b>\u017byczymy mi\u0142ego pobytu.<\/b><\/span><\/p>\t\t\t\t\t\t\t\t<\/div>\n\t\t\t\t<\/div>\n\t\t\t\t\t<\/div>\n\t\t\t\t<\/div>\n\t\t<div class=\"elementor-element elementor-element-df021c1 elementor-hidden-desktop elementor-hidden-tablet elementor-hidden-mobile e-flex e-con-boxed e-con e-parent\" data-id=\"df021c1\" data-element_type=\"container\" data-settings=\"{&quot;background_background&quot;:&quot;classic&quot;}\">\n\t\t\t\t\t<div class=\"e-con-inner\">\n\t\t\t\t<div class=\"elementor-element elementor-element-9153e64 elementor-widget elementor-widget-heading\" data-id=\"9153e64\" data-element_type=\"widget\" data-widget_type=\"heading.default\">\n\t\t\t\t<div class=\"elementor-widget-container\">\n\t\t\t\t\t<h1 class=\"elementor-heading-title elementor-size-default\">Polityka prywatno\u015bci<\/h1>\t\t\t\t<\/div>\n\t\t\t\t<\/div>\n\t\t\t\t\t<\/div>\n\t\t\t\t<\/div>\n\t\t<div class=\"elementor-element elementor-element-493b25f elementor-hidden-desktop elementor-hidden-tablet elementor-hidden-mobile e-flex e-con-boxed e-con e-child\" data-id=\"493b25f\" data-element_type=\"container\" data-settings=\"{&quot;background_background&quot;:&quot;classic&quot;}\">\n\t\t\t\t\t<div class=\"e-con-inner\">\n\t\t\t\t<div class=\"elementor-element elementor-element-34caba6 elementor-widget elementor-widget-text-editor\" data-id=\"34caba6\" data-element_type=\"widget\" data-widget_type=\"text-editor.default\">\n\t\t\t\t<div class=\"elementor-widget-container\">\n\t\t\t\t\t\t\t\t\t<p>Niniejsza Polityka Prywatno\u015bci okre\u015bla zasady przetwarzania i ochrony danych osobowych przekazanych przez u\u017cytkownik\u00f3w w zwi\u0105zku z korzystaniem z naszej strony internetowej.<\/p><ol><li><strong>Administrator danych osobowych<\/strong><\/li><\/ol><p>Administratorem danych osobowych jest\u00a0 Domki Kamea, z siedzib\u0105 w [adres], NIP: [numer NIP], REGON: [numer REGON].<\/p><ol start=\"2\"><li><strong>Cel przetwarzania danych<\/strong><\/li><\/ol><p>Dane osobowe u\u017cytkownik\u00f3w przetwarzane s\u0105 w celu umo\u017cliwienia korzystania z funkcji dost\u0119pnych na naszej stronie internetowej, w tym tak\u017ce w celu odpowiedzi na zapytania oraz \u015bwiadczenia us\u0142ug.<\/p><ol start=\"3\"><li><strong>Podstawy prawne przetwarzania danych<\/strong><\/li><\/ol><p>Przetwarzanie danych osobowych odbywa si\u0119 na podstawie przepis\u00f3w prawa oraz zgody u\u017cytkownika wyra\u017conej poprzez korzystanie z naszej strony internetowej.<\/p><ol start=\"4\"><li><strong>Dane kontaktowe<\/strong><\/li><\/ol><p>Wszelkie kwestie dotycz\u0105ce ochrony danych osobowych mo\u017cna zg\u0142asza\u0107 pod adresem e-mail: domkikamea@gmail.com<\/p><ol start=\"5\"><li><strong>Prawa u\u017cytkownik\u00f3w<\/strong><\/li><\/ol><p>U\u017cytkownik ma prawo do dost\u0119pu do swoich danych osobowych, ich poprawiania, usuni\u0119cia lub ograniczenia przetwarzania, a tak\u017ce do wniesienia skargi do organu nadzorczego.<\/p><ol start=\"6\"><li><strong>Pliki cookies<\/strong><\/li><\/ol><p>Nasza strona internetowa korzysta z plik\u00f3w cookies w celu \u015bwiadczenia us\u0142ug na najwy\u017cszym poziomie. Korzystanie z witryny bez zmiany ustawie\u0144 dotycz\u0105cych cookies oznacza, \u017ce b\u0119d\u0105 one zamieszczane w Pa\u0144stwa urz\u0105dzeniu ko\u0144cowym. Szczeg\u00f3\u0142owe informacje na temat plik\u00f3w cookies znajduj\u0105 si\u0119 w [link do polityki cookies].<\/p><ol start=\"7\"><li><strong>Zmiany w Polityce Prywatno\u015bci<\/strong><\/li><\/ol><p>Zastrzegamy sobie prawo do zmiany niniejszej Polityki Prywatno\u015bci poprzez opublikowanie nowej wersji na naszej stronie internetowej.<\/p><p>Ostatnia aktualizacja: 28.03.2024<\/p>\t\t\t\t\t\t\t\t<\/div>\n\t\t\t\t<\/div>\n\t\t\t\t\t<\/div>\n\t\t\t\t<\/div>\n\t\t\t\t<\/div>\n\t\t","protected":false},"excerpt":{"rendered":"<p>REGULAMIN WYNAJMU DOMKI KAMEA Og\u00f3lne zasady: Domek jest przeznaczony dla maksymalnie 6 os\u00f3b, w przypadku przekroczenia deklarowanej liczby os\u00f3b korzystaj\u0105cych z domku (bez zgody i wiedzy wynajmuj\u0105cego), zastrzega si\u0119 prawo do natychmiastowego zerwania umowy z wszystkimi konsekwencjami bez konieczno\u015bci zwrotu wniesionej wcze\u015bniej op\u0142aty. Zameldowanie jest mo\u017cliwe od godziny 16:00 w dniu przyjazdu, prosimy o przekazanie [&hellip;]<\/p>\n","protected":false},"author":1,"featured_media":0,"parent":0,"menu_order":0,"comment_status":"closed","ping_status":"closed","template":"elementor_header_footer","meta":{"ocean_post_layout":"","ocean_both_sidebars_style":"","ocean_both_sidebars_content_width":0,"ocean_both_sidebars_sidebars_width":0,"ocean_sidebar":"","ocean_second_sidebar":"","ocean_disable_margins":"enable","ocean_add_body_class":"","ocean_shortcode_before_top_bar":"","ocean_shortcode_after_top_bar":"","ocean_shortcode_before_header":"","ocean_shortcode_after_header":"","ocean_has_shortcode":"","ocean_shortcode_after_title":"","ocean_shortcode_before_footer_widgets":"","ocean_shortcode_after_footer_widgets":"","ocean_shortcode_before_footer_bottom":"","ocean_shortcode_after_footer_bottom":"","ocean_display_top_bar":"default","ocean_display_header":"default","ocean_header_style":"","ocean_center_header_left_menu":"","ocean_custom_header_template":"","ocean_custom_logo":0,"ocean_custom_retina_logo":0,"ocean_custom_logo_max_width":0,"ocean_custom_logo_tablet_max_width":0,"ocean_custom_logo_mobile_max_width":0,"ocean_custom_logo_max_height":0,"ocean_custom_logo_tablet_max_height":0,"ocean_custom_logo_mobile_max_height":0,"ocean_header_custom_menu":"","ocean_menu_typo_font_family":"","ocean_menu_typo_font_subset":"","ocean_menu_typo_font_size":0,"ocean_menu_typo_font_size_tablet":0,"ocean_menu_typo_font_size_mobile":0,"ocean_menu_typo_font_size_unit":"px","ocean_menu_typo_font_weight":"","ocean_menu_typo_font_weight_tablet":"","ocean_menu_typo_font_weight_mobile":"","ocean_menu_typo_transform":"","ocean_menu_typo_transform_tablet":"","ocean_menu_typo_transform_mobile":"","ocean_menu_typo_line_height":0,"ocean_menu_typo_line_height_tablet":0,"ocean_menu_typo_line_height_mobile":0,"ocean_menu_typo_line_height_unit":"","ocean_menu_typo_spacing":0,"ocean_menu_typo_spacing_tablet":0,"ocean_menu_typo_spacing_mobile":0,"ocean_menu_typo_spacing_unit":"","ocean_menu_link_color":"","ocean_menu_link_color_hover":"","ocean_menu_link_color_active":"","ocean_menu_link_background":"","ocean_menu_link_hover_background":"","ocean_menu_link_active_background":"","ocean_menu_social_links_bg":"","ocean_menu_social_hover_links_bg":"","ocean_menu_social_links_color":"","ocean_menu_social_hover_links_color":"","ocean_disable_title":"default","ocean_disable_heading":"default","ocean_post_title":"","ocean_post_subheading":"","ocean_post_title_style":"","ocean_post_title_background_color":"","ocean_post_title_background":0,"ocean_post_title_bg_image_position":"","ocean_post_title_bg_image_attachment":"","ocean_post_title_bg_image_repeat":"","ocean_post_title_bg_image_size":"","ocean_post_title_height":0,"ocean_post_title_bg_overlay":0.5,"ocean_post_title_bg_overlay_color":"","ocean_disable_breadcrumbs":"default","ocean_breadcrumbs_color":"","ocean_breadcrumbs_separator_color":"","ocean_breadcrumbs_links_color":"","ocean_breadcrumbs_links_hover_color":"","ocean_display_footer_widgets":"default","ocean_display_footer_bottom":"default","ocean_custom_footer_template":"","footnotes":""},"class_list":["post-431","page","type-page","status-publish","hentry","entry"],"_links":{"self":[{"href":"https:\/\/domkikamea.pl\/index.php\/wp-json\/wp\/v2\/pages\/431","targetHints":{"allow":["GET"]}}],"collection":[{"href":"https:\/\/domkikamea.pl\/index.php\/wp-json\/wp\/v2\/pages"}],"about":[{"href":"https:\/\/domkikamea.pl\/index.php\/wp-json\/wp\/v2\/types\/page"}],"author":[{"embeddable":true,"href":"https:\/\/domkikamea.pl\/index.php\/wp-json\/wp\/v2\/users\/1"}],"replies":[{"embeddable":true,"href":"https:\/\/domkikamea.pl\/index.php\/wp-json\/wp\/v2\/comments?post=431"}],"version-history":[{"count":46,"href":"https:\/\/domkikamea.pl\/index.php\/wp-json\/wp\/v2\/pages\/431\/revisions"}],"predecessor-version":[{"id":499,"href":"https:\/\/domkikamea.pl\/index.php\/wp-json\/wp\/v2\/pages\/431\/revisions\/499"}],"wp:attachment":[{"href":"https:\/\/domkikamea.pl\/index.php\/wp-json\/wp\/v2\/media?parent=431"}],"curies":[{"name":"wp","href":"https:\/\/api.w.org\/{rel}","templated":true}]}}